{"id":6,"date":"2024-01-11T17:23:56","date_gmt":"2024-01-11T10:23:56","guid":{"rendered":"https:\/\/xediensaigon.com\/?page_id=6"},"modified":"2025-12-09T22:21:17","modified_gmt":"2025-12-09T15:21:17","slug":"gioi-thieu","status":"publish","type":"page","link":"https:\/\/xediensaigon.com\/index.php\/gioi-thieu\/","title":{"rendered":"Gi\u1edbi thi\u1ec7u"},"content":{"rendered":"\n<p>T\u00ean mi\u1ec1n&nbsp;<strong>XeDienSaiGon.com<\/strong>&nbsp;\u0111ang \u0111\u01b0\u1ee3c rao b\u00e1n b\u1edfi&nbsp;<strong>TenMienXanh.com<\/strong>.<\/p>\n\n\n\n<p>Gi\u00e1 b\u00e1n: 50.000.000 VND.<\/p>\n\n\n\n<p>M\u1ecdi th\u00f4ng tin v\u1ec1 t\u00ean mi\u1ec1n n\u00e0y, qu\u00fd kh\u00e1ch vui l\u00f2ng li\u00ean h\u1ec7:<\/p>\n\n\n\n<p><strong>TenMienXanh.com \u2013<\/strong><strong>&nbsp;N\u01a1i th\u01b0\u01a1ng hi\u1ec7u c\u1ea5t c\u00e1nh!<\/strong><\/p>\n\n\n\n<p>\u0110\u1ecba ch\u1ec9: Vinhomes Grand Park, Nguy\u1ec5n Xi\u1ec3n, Ph\u01b0\u1eddng Long B\u00ecnh, TP H\u1ed3 Ch\u00ed Minh<\/p>\n\n\n\n<p>Website: https:\/\/tenmienxanh.com<\/p>\n\n\n\n<p>Hotline: 0901 486 486<\/p>\n\n\n\n<p>Email: trinhcukien@gmail.com<\/p>\n","protected":false},"excerpt":{"rendered":"<p>T\u00ean mi\u1ec1n&nbsp;XeDienSaiGon.com&nbsp;\u0111ang \u0111\u01b0\u1ee3c rao b\u00e1n b\u1edfi&nbsp;TenMienXanh.com. Gi\u00e1 b\u00e1n: 50.000.000 VND. M\u1ecdi th\u00f4ng tin v\u1ec1 t\u00ean mi\u1ec1n n\u00e0y, qu\u00fd kh\u00e1ch vui l\u00f2ng li\u00ean h\u1ec7: TenMienXanh.com \u2013&nbsp;N\u01a1i th\u01b0\u01a1ng hi\u1ec7u c\u1ea5t c\u00e1nh! \u0110\u1ecba ch\u1ec9: Vinhomes Grand Park, Nguy\u1ec5n Xi\u1ec3n, Ph\u01b0\u1eddng Long B\u00ecnh, TP H\u1ed3 Ch\u00ed Minh Website: https:\/\/tenmienxanh.com Hotline: 0901 486 486 Email: trinhcukien@gmail.com<\/p>\n","protected":false},"author":1,"featured_media":0,"parent":0,"menu_order":0,"comment_status":"closed","ping_status":"closed","template":"","meta":{"footnotes":""},"_links":{"self":[{"href":"https:\/\/xediensaigon.com\/index.php\/wp-json\/wp\/v2\/pages\/6"}],"collection":[{"href":"https:\/\/xediensaigon.com\/index.php\/wp-json\/wp\/v2\/pages"}],"about":[{"href":"https:\/\/xediensaigon.com\/index.php\/wp-json\/wp\/v2\/types\/page"}],"author":[{"embeddable":true,"href":"https:\/\/xediensaigon.com\/index.php\/wp-json\/wp\/v2\/users\/1"}],"replies":[{"embeddable":true,"href":"https:\/\/xediensaigon.com\/index.php\/wp-json\/wp\/v2\/comments?post=6"}],"version-history":[{"count":6,"href":"https:\/\/xediensaigon.com\/index.php\/wp-json\/wp\/v2\/pages\/6\/revisions"}],"predecessor-version":[{"id":63,"href":"https:\/\/xediensaigon.com\/index.php\/wp-json\/wp\/v2\/pages\/6\/revisions\/63"}],"wp:attachment":[{"href":"https:\/\/xediensaigon.com\/index.php\/wp-json\/wp\/v2\/media?parent=6"}],"curies":[{"name":"wp","href":"https:\/\/api.w.org\/{rel}","templated":true}]}}